{"id":78,"date":"2018-10-05T11:03:38","date_gmt":"2018-10-05T11:03:38","guid":{"rendered":"http:\/\/compuri.de\/?page_id=78"},"modified":"2018-11-04T21:43:33","modified_gmt":"2018-11-04T21:43:33","slug":"startseite","status":"publish","type":"page","link":"https:\/\/www.vereinstennisschule-neubrunn.de\/?page_id=78","title":{"rendered":""},"content":{"rendered":"<p style=\"text-align: center;\">Wir begr\u00fc\u00dfen Euch recht herzlich auf der Internetseite unserer Tennisschule.<\/p>\n<p style=\"text-align: center;\">Hier findet Ihr s\u00e4mtliche Informationen \u00fcber unser Leistungsspektrum, unsere<\/p>\n<p style=\"text-align: center;\">Aktionen zur Mitgliedergewinnung und -bindung sowie Informationen<\/p>\n<p style=\"text-align: center;\">zu unseren Kooperationsvereinen.<\/p>\n<p>&nbsp;<\/p>\n<p style=\"text-align: center;\">Unsere langj\u00e4hrigen Erfahrungen k\u00f6nnen wir mittlerweile in 9 Vereinen einbringen<\/p>\n<p style=\"text-align: center;\">und so durch Umsetzung von standardisierten Konzepten mit qualifizierten<\/p>\n<p style=\"text-align: center;\">Trainern und durch Zusammenarbeit mit engagierten Funktion\u00e4ren der angeschlossenen<\/p>\n<p style=\"text-align: center;\">Vereine dieAttraktivit\u00e4t der Tennisclubs erhalten und ausbauen.<\/p>\n<p>&nbsp;<\/p>\n<p style=\"text-align: center;\">Mit unserer Philosophie &#8222;Qualit\u00e4t durch Quantit\u00e4t&#8220; wollen wir die Vereine st\u00e4rken und<\/p>\n<p style=\"text-align: center;\">dazu beitragen, Interessierte &#8211; unabh\u00e4ngig von Spielst\u00e4rke und Alter &#8211; f\u00fcr<\/p>\n<p style=\"text-align: center;\">diesen wunderbaren Sport zu begeistern.<\/p>\n<p style=\"text-align: center;\">Lasst auch euren Verein von einer Zusammenarbeit mit uns profitieren.<\/p>\n<p>&nbsp;<\/p>\n<p style=\"text-align: center;\"><strong>\u00a0\u00a0\u00a0\u00a0 Wir freuen uns auf euch!<\/strong><\/p>\n<p style=\"text-align: center;\"><strong>\u00a0\u00a0\u00a0\u00a0\u00a0\u00a0 Manuel R\u00f6sch &amp; Julian M\u00fcller<\/strong><\/p>\n<h5 style=\"text-align: center;\"><a href=\"http:\/\/compuri.de\/wp-content\/uploads\/2018\/10\/Logo.jpg\"><img loading=\"lazy\" decoding=\"async\" class=\"alignnone size-medium wp-image-22 aligncenter\" src=\"http:\/\/compuri.de\/wp-content\/uploads\/2018\/10\/Logo-300x92.jpg\" alt=\"\" width=\"300\" height=\"92\" srcset=\"https:\/\/www.vereinstennisschule-neubrunn.de\/wp-content\/uploads\/2018\/10\/Logo-300x92.jpg 300w, https:\/\/www.vereinstennisschule-neubrunn.de\/wp-content\/uploads\/2018\/10\/Logo-700x216.jpg 700w\" sizes=\"auto, (max-width: 300px) 100vw, 300px\" \/><\/a><\/h5>\n","protected":false},"excerpt":{"rendered":"<div class=\"mh-excerpt\"><p>Wir begr\u00fc\u00dfen Euch recht herzlich auf der Internetseite unserer Tennisschule. Hier findet Ihr s\u00e4mtliche Informationen \u00fcber unser Leistungsspektrum, unsere Aktionen zur Mitgliedergewinnung und -bindung sowie <a class=\"mh-excerpt-more\" href=\"https:\/\/www.vereinstennisschule-neubrunn.de\/?page_id=78\" title=\"\">[&#8230;]<\/a><\/p>\n<\/div>","protected":false},"author":1,"featured_media":0,"parent":0,"menu_order":1,"comment_status":"closed","ping_status":"closed","template":"","meta":{"footnotes":""},"class_list":["post-78","page","type-page","status-publish","hentry"],"_links":{"self":[{"href":"https:\/\/www.vereinstennisschule-neubrunn.de\/index.php?rest_route=\/wp\/v2\/pages\/78","targetHints":{"allow":["GET"]}}],"collection":[{"href":"https:\/\/www.vereinstennisschule-neubrunn.de\/index.php?rest_route=\/wp\/v2\/pages"}],"about":[{"href":"https:\/\/www.vereinstennisschule-neubrunn.de\/index.php?rest_route=\/wp\/v2\/types\/page"}],"author":[{"embeddable":true,"href":"https:\/\/www.vereinstennisschule-neubrunn.de\/index.php?rest_route=\/wp\/v2\/users\/1"}],"replies":[{"embeddable":true,"href":"https:\/\/www.vereinstennisschule-neubrunn.de\/index.php?rest_route=%2Fwp%2Fv2%2Fcomments&post=78"}],"version-history":[{"count":11,"href":"https:\/\/www.vereinstennisschule-neubrunn.de\/index.php?rest_route=\/wp\/v2\/pages\/78\/revisions"}],"predecessor-version":[{"id":373,"href":"https:\/\/www.vereinstennisschule-neubrunn.de\/index.php?rest_route=\/wp\/v2\/pages\/78\/revisions\/373"}],"wp:attachment":[{"href":"https:\/\/www.vereinstennisschule-neubrunn.de\/index.php?rest_route=%2Fwp%2Fv2%2Fmedia&parent=78"}],"curies":[{"name":"wp","href":"https:\/\/api.w.org\/{rel}","templated":true}]}}