{"id":558,"date":"2021-04-19T16:41:11","date_gmt":"2021-04-19T16:41:11","guid":{"rendered":"http:\/\/vereinstennisschule-neubrunn.de.w02058d7.kasserver.com\/?page_id=558"},"modified":"2022-03-31T15:46:56","modified_gmt":"2022-03-31T15:46:56","slug":"tc-duttenbrunn","status":"publish","type":"page","link":"https:\/\/www.vereinstennisschule-neubrunn.de\/?page_id=558","title":{"rendered":"TC Duttenbrunn"},"content":{"rendered":"\n<p>Der TC D ist ein Verein mit ca. 130 Mitgliedern und\u00a02 Kunstrasenpl\u00e4tzen die zur Verf\u00fcgung stehen. Regelm\u00e4\u00dfig nimmt der Verein mit einer Damen- und einer Herrenmannschaft am Spielbetrieb teil. Au\u00dferdem gibt es mehrere Kinder- und Jugendgruppen, die auch ohne Mannschaftsspielbetrieb aktiv ihrem Hobby nachgehen. Neben sportlichen geh\u00f6ren auch gesellschaftliche Aktivit\u00e4ten zum Vereinsleben dazu. V.a. die Theatergruppe ist dabei weit \u00fcber die Ortsgrenzen hinaus bekannt. \u00a0 Mehr zum Verein findet ihr unter <a rel=\"noreferrer noopener\" href=\"https:\/\/deref-web.de\/mail\/client\/G9Dm8QVK_6o\/dereferrer\/?redirectUrl=https%3A%2F%2Fwww.facebook.com%2FTCDuttenbrunn\" target=\"_blank\">https:\/\/www.facebook.com\/TCDuttenbrunn<\/a> \u00a0 <\/p>\n\n\n\n<p>Interessierten am Tennissport bieten wir spezielle Kurse an &#8211; mit Tennis Xpress zum schnellen Lernerfolg! Meldet euch bei uns, wir f\u00fchren Neugierige und Verein \/ Trainer vor Ort zusammen \ud83d\ude42   <\/p>\n\n\n\n<div class=\"wp-block-image\"><figure class=\"aligncenter size-large\"><a href=\"http:\/\/vereinstennisschule-neubrunn.de.w02058d7.kasserver.com\/wp-content\/uploads\/2021\/04\/Logo-Duttenbrunn.png\"><img loading=\"lazy\" decoding=\"async\" width=\"318\" height=\"217\" src=\"http:\/\/vereinstennisschule-neubrunn.de.w02058d7.kasserver.com\/wp-content\/uploads\/2021\/04\/Logo-Duttenbrunn.png\" alt=\"\" class=\"wp-image-581\" srcset=\"https:\/\/www.vereinstennisschule-neubrunn.de\/wp-content\/uploads\/2021\/04\/Logo-Duttenbrunn.png 318w, https:\/\/www.vereinstennisschule-neubrunn.de\/wp-content\/uploads\/2021\/04\/Logo-Duttenbrunn-300x205.png 300w\" sizes=\"auto, (max-width: 318px) 100vw, 318px\" \/><\/a><\/figure><\/div>\n\n\n\n<p><\/p>\n","protected":false},"excerpt":{"rendered":"<div class=\"mh-excerpt\"><p>Der TC D ist ein Verein mit ca. 130 Mitgliedern und\u00a02 Kunstrasenpl\u00e4tzen die zur Verf\u00fcgung stehen. Regelm\u00e4\u00dfig nimmt der Verein mit einer Damen- und einer <a class=\"mh-excerpt-more\" href=\"https:\/\/www.vereinstennisschule-neubrunn.de\/?page_id=558\" title=\"TC Duttenbrunn\">[&#8230;]<\/a><\/p>\n<\/div>","protected":false},"author":1,"featured_media":0,"parent":0,"menu_order":0,"comment_status":"closed","ping_status":"closed","template":"","meta":{"footnotes":""},"class_list":["post-558","page","type-page","status-publish","hentry"],"_links":{"self":[{"href":"https:\/\/www.vereinstennisschule-neubrunn.de\/index.php?rest_route=\/wp\/v2\/pages\/558","targetHints":{"allow":["GET"]}}],"collection":[{"href":"https:\/\/www.vereinstennisschule-neubrunn.de\/index.php?rest_route=\/wp\/v2\/pages"}],"about":[{"href":"https:\/\/www.vereinstennisschule-neubrunn.de\/index.php?rest_route=\/wp\/v2\/types\/page"}],"author":[{"embeddable":true,"href":"https:\/\/www.vereinstennisschule-neubrunn.de\/index.php?rest_route=\/wp\/v2\/users\/1"}],"replies":[{"embeddable":true,"href":"https:\/\/www.vereinstennisschule-neubrunn.de\/index.php?rest_route=%2Fwp%2Fv2%2Fcomments&post=558"}],"version-history":[{"count":7,"href":"https:\/\/www.vereinstennisschule-neubrunn.de\/index.php?rest_route=\/wp\/v2\/pages\/558\/revisions"}],"predecessor-version":[{"id":626,"href":"https:\/\/www.vereinstennisschule-neubrunn.de\/index.php?rest_route=\/wp\/v2\/pages\/558\/revisions\/626"}],"wp:attachment":[{"href":"https:\/\/www.vereinstennisschule-neubrunn.de\/index.php?rest_route=%2Fwp%2Fv2%2Fmedia&parent=558"}],"curies":[{"name":"wp","href":"https:\/\/api.w.org\/{rel}","templated":true}]}}