{"id":512,"date":"2019-10-02T21:44:41","date_gmt":"2019-10-02T21:44:41","guid":{"rendered":"http:\/\/compuri.de\/?page_id=512"},"modified":"2019-10-02T21:46:44","modified_gmt":"2019-10-02T21:46:44","slug":"impressum","status":"publish","type":"page","link":"https:\/\/www.vereinstennisschule-neubrunn.de\/?page_id=512","title":{"rendered":"Impressum"},"content":{"rendered":"<p style=\"text-align: center;\"><strong>Vereinstennisschule Neubrunn GbR <\/strong><\/p>\n<p style=\"text-align: center;\">Am G\u00f6bel 17, 97947 Gr\u00fcnsfeld<\/p>\n<p style=\"text-align: center;\">Inhaber:\u00a0 Julian M\u00fcller und Manuel R\u00f6sch<\/p>\n<p style=\"text-align: center;\">Steuernummer 80084\/44604<\/p>\n<p style=\"text-align: center;\">\n<p style=\"text-align: center;\"><strong>Vereinstennisschule Tauberfranken<\/strong><\/p>\n<p style=\"text-align: center;\">Schlo\u00df-Berg-Stra\u00dfe 16, 81549 M\u00fcnchen<\/p>\n<p style=\"text-align: center;\">Inhaber:\u00a0 Julian M\u00fcller<\/p>\n<p style=\"text-align: center;\">Steuernummer\u00a0 183 642 12107<\/p>\n<p style=\"text-align: center;\">\n<p style=\"text-align: center;\"><strong>Vereinstennisschule Tauberbischofsheim\u00a0\u00a0<\/strong><\/p>\n<p style=\"text-align: center;\">Am G\u00f6bel 17, 97947 Gr\u00fcnsfeld<\/p>\n<p style=\"text-align: center;\">Inhaber: Manuel R\u00f6sch<\/p>\n<p style=\"text-align: center;\">Steuernummer\u00a0 80389 \/ 39934<\/p>\n","protected":false},"excerpt":{"rendered":"<div class=\"mh-excerpt\"><p>Vereinstennisschule Neubrunn GbR Am G\u00f6bel 17, 97947 Gr\u00fcnsfeld Inhaber:\u00a0 Julian M\u00fcller und Manuel R\u00f6sch Steuernummer 80084\/44604 Vereinstennisschule Tauberfranken Schlo\u00df-Berg-Stra\u00dfe 16, 81549 M\u00fcnchen Inhaber:\u00a0 Julian M\u00fcller <a class=\"mh-excerpt-more\" href=\"https:\/\/www.vereinstennisschule-neubrunn.de\/?page_id=512\" title=\"Impressum\">[&#8230;]<\/a><\/p>\n<\/div>","protected":false},"author":1,"featured_media":0,"parent":0,"menu_order":0,"comment_status":"closed","ping_status":"closed","template":"","meta":{"footnotes":""},"class_list":["post-512","page","type-page","status-publish","hentry"],"_links":{"self":[{"href":"https:\/\/www.vereinstennisschule-neubrunn.de\/index.php?rest_route=\/wp\/v2\/pages\/512","targetHints":{"allow":["GET"]}}],"collection":[{"href":"https:\/\/www.vereinstennisschule-neubrunn.de\/index.php?rest_route=\/wp\/v2\/pages"}],"about":[{"href":"https:\/\/www.vereinstennisschule-neubrunn.de\/index.php?rest_route=\/wp\/v2\/types\/page"}],"author":[{"embeddable":true,"href":"https:\/\/www.vereinstennisschule-neubrunn.de\/index.php?rest_route=\/wp\/v2\/users\/1"}],"replies":[{"embeddable":true,"href":"https:\/\/www.vereinstennisschule-neubrunn.de\/index.php?rest_route=%2Fwp%2Fv2%2Fcomments&post=512"}],"version-history":[{"count":3,"href":"https:\/\/www.vereinstennisschule-neubrunn.de\/index.php?rest_route=\/wp\/v2\/pages\/512\/revisions"}],"predecessor-version":[{"id":523,"href":"https:\/\/www.vereinstennisschule-neubrunn.de\/index.php?rest_route=\/wp\/v2\/pages\/512\/revisions\/523"}],"wp:attachment":[{"href":"https:\/\/www.vereinstennisschule-neubrunn.de\/index.php?rest_route=%2Fwp%2Fv2%2Fmedia&parent=512"}],"curies":[{"name":"wp","href":"https:\/\/api.w.org\/{rel}","templated":true}]}}