{"id":43,"date":"2018-10-05T10:07:48","date_gmt":"2018-10-05T10:07:48","guid":{"rendered":"http:\/\/compuri.de\/?page_id=43"},"modified":"2018-11-15T20:28:36","modified_gmt":"2018-11-15T20:28:36","slug":"konzepte","status":"publish","type":"page","link":"https:\/\/www.vereinstennisschule-neubrunn.de\/?page_id=43","title":{"rendered":"Konzepte"},"content":{"rendered":"<p>&nbsp;<\/p>\n<p>&nbsp;<\/p>\n<p><a href=\"http:\/\/compuri.de\/wp-content\/uploads\/2018\/11\/Ballmagier.jpg\"><img loading=\"lazy\" decoding=\"async\" class=\"wp-image-337 alignright\" src=\"http:\/\/compuri.de\/wp-content\/uploads\/2018\/11\/Ballmagier-300x226.jpg\" alt=\"\" width=\"265\" height=\"200\" srcset=\"https:\/\/www.vereinstennisschule-neubrunn.de\/wp-content\/uploads\/2018\/11\/Ballmagier-300x226.jpg 300w, https:\/\/www.vereinstennisschule-neubrunn.de\/wp-content\/uploads\/2018\/11\/Ballmagier-326x245.jpg 326w, https:\/\/www.vereinstennisschule-neubrunn.de\/wp-content\/uploads\/2018\/11\/Ballmagier-80x60.jpg 80w, https:\/\/www.vereinstennisschule-neubrunn.de\/wp-content\/uploads\/2018\/11\/Ballmagier.jpg 530w\" sizes=\"auto, (max-width: 265px) 100vw, 265px\" \/><\/a><\/p>\n<h2>Ballmagier\u00a0\u00a0 (ab 3 Jahre)<\/h2>\n<p>Entwicklungsgerechte Anf\u00e4ngerausbildung in den Ballsportspielen und legt den Grundstein f\u00fcr sp\u00e4tere Ballk\u00fcnstler. Das Ballschul-Konzept hat eine ganzheitliche Ausbildung zum Ziel, die Kinder in ihrer geistigen, emotionalen und motorischen Entwicklung f\u00f6rdern soll. Es vermittelt spiel\u00fcbergreifende Fertigkeiten und ist die ideale Vorstufe, um sp\u00e4ter mit den TALENTINOS spielend Tennis zu lernen.<\/p>\n<p>&nbsp;<\/p>\n<p>&nbsp;<\/p>\n<h2><a href=\"http:\/\/compuri.de\/wp-content\/uploads\/2018\/11\/Talentinobild.jpg\"><img loading=\"lazy\" decoding=\"async\" class=\"size-full wp-image-340 alignright\" src=\"http:\/\/compuri.de\/wp-content\/uploads\/2018\/11\/Talentinobild.jpg\" alt=\"\" width=\"153\" height=\"249\" \/><\/a>Talentinos\u00a0\u00a0 (ab 6 Jahre)<\/h2>\n<p>Auf Pl\u00e4tzen und mit Schl\u00e4gern, die mitwachsen und den K\u00f6rperproportionen entsprechen. Mit unterschiedlich farbigen B\u00e4llen, die altersgerecht springen, ein technisch sauberes Spiel erm\u00f6glichen und tolle Ballwechsel von Anfang an bringen. Und mit modernen Turnier- und Teamformaten, die unsere Kinder begeistern und zu gro\u00dfen Leistungen motivieren.<\/p>\n<p>&nbsp;<\/p>\n<p>&nbsp;<\/p>\n<p>&nbsp;<\/p>\n<h2><a href=\"http:\/\/compuri.de\/wp-content\/uploads\/2018\/11\/FL-Bild-am-Netz.jpg\"><img loading=\"lazy\" decoding=\"async\" class=\" wp-image-342 alignright\" src=\"http:\/\/compuri.de\/wp-content\/uploads\/2018\/11\/FL-Bild-am-Netz-300x195.jpg\" alt=\"\" width=\"242\" height=\"157\" \/><\/a>Fast Learning (ab 18 Jahre)<\/h2>\n<h3><span style=\"color: #ff0000;\">In einer Gruppe und ohne Mitgliedschaft<\/span><\/h3>\n<p>Tennis spielen leicht gemacht \u2013 Der innovative Trainings-kurs wird dich mit schnellen Spiel- und Erfolgserlebnissen begeistern. Starte jetzt deinen Kurs und lerne in 5 Wochen Tennis \u2013 einfach, schnell und mit jeder Menge Spa\u00df. Fast Learning eben. <a href=\"https:\/\/www.tennis-people.com\/tc-neubrunn\"><span style=\"color: #0000ff;\">Mehr dazu unter &#8230;&#8230;&#8230;..<\/span><\/a><\/p>\n<p>&nbsp;<\/p>\n","protected":false},"excerpt":{"rendered":"<div class=\"mh-excerpt\"><p>&nbsp; &nbsp; Ballmagier\u00a0\u00a0 (ab 3 Jahre) Entwicklungsgerechte Anf\u00e4ngerausbildung in den Ballsportspielen und legt den Grundstein f\u00fcr sp\u00e4tere Ballk\u00fcnstler. Das Ballschul-Konzept hat eine ganzheitliche Ausbildung zum <a class=\"mh-excerpt-more\" href=\"https:\/\/www.vereinstennisschule-neubrunn.de\/?page_id=43\" title=\"Konzepte\">[&#8230;]<\/a><\/p>\n<\/div>","protected":false},"author":1,"featured_media":0,"parent":0,"menu_order":0,"comment_status":"closed","ping_status":"closed","template":"","meta":{"footnotes":""},"class_list":["post-43","page","type-page","status-publish","hentry"],"_links":{"self":[{"href":"https:\/\/www.vereinstennisschule-neubrunn.de\/index.php?rest_route=\/wp\/v2\/pages\/43","targetHints":{"allow":["GET"]}}],"collection":[{"href":"https:\/\/www.vereinstennisschule-neubrunn.de\/index.php?rest_route=\/wp\/v2\/pages"}],"about":[{"href":"https:\/\/www.vereinstennisschule-neubrunn.de\/index.php?rest_route=\/wp\/v2\/types\/page"}],"author":[{"embeddable":true,"href":"https:\/\/www.vereinstennisschule-neubrunn.de\/index.php?rest_route=\/wp\/v2\/users\/1"}],"replies":[{"embeddable":true,"href":"https:\/\/www.vereinstennisschule-neubrunn.de\/index.php?rest_route=%2Fwp%2Fv2%2Fcomments&post=43"}],"version-history":[{"count":9,"href":"https:\/\/www.vereinstennisschule-neubrunn.de\/index.php?rest_route=\/wp\/v2\/pages\/43\/revisions"}],"predecessor-version":[{"id":435,"href":"https:\/\/www.vereinstennisschule-neubrunn.de\/index.php?rest_route=\/wp\/v2\/pages\/43\/revisions\/435"}],"wp:attachment":[{"href":"https:\/\/www.vereinstennisschule-neubrunn.de\/index.php?rest_route=%2Fwp%2Fv2%2Fmedia&parent=43"}],"curies":[{"name":"wp","href":"https:\/\/api.w.org\/{rel}","templated":true}]}}