{"id":400,"date":"2018-11-04T22:36:48","date_gmt":"2018-11-04T22:36:48","guid":{"rendered":"http:\/\/compuri.de\/?page_id=400"},"modified":"2021-04-19T16:57:20","modified_gmt":"2021-04-19T16:57:20","slug":"tc-wittighausen","status":"publish","type":"page","link":"https:\/\/www.vereinstennisschule-neubrunn.de\/?page_id=400","title":{"rendered":"TC Wittighausen"},"content":{"rendered":"<p><strong>2019 feierte der TC Wittighausen sein 40j\u00e4hriges Vereinjubil\u00e4um<\/strong>\u00a0 \u00a0 \u00a0 \u00a0 \u00a0 \u00a0 \u00a0 \u00a0 \u00a0 \u00a0 \u00a0\u00a0\u00a0\u00a0\u00a0\u00a0 <a href=\"http:\/\/www.tc-weiss-blau-wittighausen.de\/cms\/iwebs\/default.aspx\"><span style=\"color: #0000ff;\">Link zur Homepage<\/span><\/a><\/p>\n<p>In der Chronik des Vereins lassen sich viele Events und Aktivit\u00e4ten nachlesen. Die Vereinsverantwortlichen sind sehr engagiert und erf\u00fcllen den Club mit Leben. Im Jugendbereich gilt es jedoch die Kr\u00e4fte zu b\u00fcndeln und wieder mehr Kinder und Jugendliche an den Verein zu binden. Wir unterst\u00fctzen hier gerne und freuen uns auf jedes neue Mitglied, um ihr\/ihm den Tennissport n\u00e4her bringen zu d\u00fcrfen. Herzlichen Gl\u00fcckwunsch zum Jubil\u00e4um!<\/p>\n","protected":false},"excerpt":{"rendered":"<div class=\"mh-excerpt\"><p>2019 feierte der TC Wittighausen sein 40j\u00e4hriges Vereinjubil\u00e4um\u00a0 \u00a0 \u00a0 \u00a0 \u00a0 \u00a0 \u00a0 \u00a0 \u00a0 \u00a0 \u00a0\u00a0\u00a0\u00a0\u00a0\u00a0 Link zur Homepage In der Chronik des <a class=\"mh-excerpt-more\" href=\"https:\/\/www.vereinstennisschule-neubrunn.de\/?page_id=400\" title=\"TC Wittighausen\">[&#8230;]<\/a><\/p>\n<\/div>","protected":false},"author":1,"featured_media":0,"parent":0,"menu_order":0,"comment_status":"closed","ping_status":"closed","template":"","meta":{"footnotes":""},"class_list":["post-400","page","type-page","status-publish","hentry"],"_links":{"self":[{"href":"https:\/\/www.vereinstennisschule-neubrunn.de\/index.php?rest_route=\/wp\/v2\/pages\/400","targetHints":{"allow":["GET"]}}],"collection":[{"href":"https:\/\/www.vereinstennisschule-neubrunn.de\/index.php?rest_route=\/wp\/v2\/pages"}],"about":[{"href":"https:\/\/www.vereinstennisschule-neubrunn.de\/index.php?rest_route=\/wp\/v2\/types\/page"}],"author":[{"embeddable":true,"href":"https:\/\/www.vereinstennisschule-neubrunn.de\/index.php?rest_route=\/wp\/v2\/users\/1"}],"replies":[{"embeddable":true,"href":"https:\/\/www.vereinstennisschule-neubrunn.de\/index.php?rest_route=%2Fwp%2Fv2%2Fcomments&post=400"}],"version-history":[{"count":5,"href":"https:\/\/www.vereinstennisschule-neubrunn.de\/index.php?rest_route=\/wp\/v2\/pages\/400\/revisions"}],"predecessor-version":[{"id":569,"href":"https:\/\/www.vereinstennisschule-neubrunn.de\/index.php?rest_route=\/wp\/v2\/pages\/400\/revisions\/569"}],"wp:attachment":[{"href":"https:\/\/www.vereinstennisschule-neubrunn.de\/index.php?rest_route=%2Fwp%2Fv2%2Fmedia&parent=400"}],"curies":[{"name":"wp","href":"https:\/\/api.w.org\/{rel}","templated":true}]}}