{"id":394,"date":"2018-11-04T22:15:54","date_gmt":"2018-11-04T22:15:54","guid":{"rendered":"http:\/\/compuri.de\/?page_id=394"},"modified":"2022-03-31T15:44:11","modified_gmt":"2022-03-31T15:44:11","slug":"werbach","status":"publish","type":"page","link":"https:\/\/www.vereinstennisschule-neubrunn.de\/?page_id=394","title":{"rendered":"TSV Werbach"},"content":{"rendered":"<p>Klein aber Fein &#8211; dieses Motto trifft auf unseren Kooperationsverein aus Werbach zu. Der Verein bringt mit seiner Gr\u00f6\u00dfe eine beachtliche Anzahl an Mannschaften an den Start. Durch Spielgemeinschaften k\u00f6nnen zwei Herren, eine Herren 55 und 2 Jugendmannschaften (2 x U18) 2022 am Spielbetrieb teilnehmen.<\/p>\n","protected":false},"excerpt":{"rendered":"<div class=\"mh-excerpt\"><p>Klein aber Fein &#8211; dieses Motto trifft auf unseren Kooperationsverein aus Werbach zu. Der Verein bringt mit seiner Gr\u00f6\u00dfe eine beachtliche Anzahl an Mannschaften an <a class=\"mh-excerpt-more\" href=\"https:\/\/www.vereinstennisschule-neubrunn.de\/?page_id=394\" title=\"TSV Werbach\">[&#8230;]<\/a><\/p>\n<\/div>","protected":false},"author":1,"featured_media":0,"parent":0,"menu_order":0,"comment_status":"closed","ping_status":"closed","template":"","meta":{"footnotes":""},"class_list":["post-394","page","type-page","status-publish","hentry"],"_links":{"self":[{"href":"https:\/\/www.vereinstennisschule-neubrunn.de\/index.php?rest_route=\/wp\/v2\/pages\/394","targetHints":{"allow":["GET"]}}],"collection":[{"href":"https:\/\/www.vereinstennisschule-neubrunn.de\/index.php?rest_route=\/wp\/v2\/pages"}],"about":[{"href":"https:\/\/www.vereinstennisschule-neubrunn.de\/index.php?rest_route=\/wp\/v2\/types\/page"}],"author":[{"embeddable":true,"href":"https:\/\/www.vereinstennisschule-neubrunn.de\/index.php?rest_route=\/wp\/v2\/users\/1"}],"replies":[{"embeddable":true,"href":"https:\/\/www.vereinstennisschule-neubrunn.de\/index.php?rest_route=%2Fwp%2Fv2%2Fcomments&post=394"}],"version-history":[{"count":6,"href":"https:\/\/www.vereinstennisschule-neubrunn.de\/index.php?rest_route=\/wp\/v2\/pages\/394\/revisions"}],"predecessor-version":[{"id":622,"href":"https:\/\/www.vereinstennisschule-neubrunn.de\/index.php?rest_route=\/wp\/v2\/pages\/394\/revisions\/622"}],"wp:attachment":[{"href":"https:\/\/www.vereinstennisschule-neubrunn.de\/index.php?rest_route=%2Fwp%2Fv2%2Fmedia&parent=394"}],"curies":[{"name":"wp","href":"https:\/\/api.w.org\/{rel}","templated":true}]}}