{"id":287,"date":"2018-10-21T18:34:26","date_gmt":"2018-10-21T18:34:26","guid":{"rendered":"http:\/\/compuri.de\/?page_id=287"},"modified":"2022-03-31T15:41:36","modified_gmt":"2022-03-31T15:41:36","slug":"tc-gruensfeld","status":"publish","type":"page","link":"https:\/\/www.vereinstennisschule-neubrunn.de\/?page_id=287","title":{"rendered":""},"content":{"rendered":"<h1><strong><span style=\"color: #000000;\">Tennisclub Gr\u00fcnsfeld<\/span><\/strong><\/h1>\n<p><img loading=\"lazy\" decoding=\"async\" class=\"alignright\" src=\"http:\/\/www.tc-gruensfeld.de\/images\/main_logo.gif\" alt=\"http:\/\/www.tc-gruensfeld.de\/images\/main_logo.gif\" width=\"154\" height=\"83\" \/><\/p>\n<p style=\"text-align: right;\"><span style=\"color: #0000ff;\"><a style=\"color: #0000ff;\" href=\"http:\/\/www.tc-gruensfeld.de\">Link zur Homepage<\/a><\/span><\/p>\n<p>Am Spielbetrieb nehmen in der Saison 2022 4 Mannschaften im Erwachsenenbereich in Spielgemeinschaft mit Lauda und Beckstein teil. Ferner sind Kinder bei den U15 in Neubrunn gemeldet. Die erste Herrenmannschaft spielt dabei in der 1. Bezirksklasse. Den Vereinsmitgliedern stehen f\u00fcr ihr Hobby 4 Sandpl\u00e4tze zur Verf\u00fcgung, welche insbesondere am Montag von den Nichtmannschaftsspielern rege genutzt werden.<\/p>\n","protected":false},"excerpt":{"rendered":"<div class=\"mh-excerpt\"><p>Tennisclub Gr\u00fcnsfeld Link zur Homepage Am Spielbetrieb nehmen in der Saison 2022 4 Mannschaften im Erwachsenenbereich in Spielgemeinschaft mit Lauda und Beckstein teil. Ferner sind <a class=\"mh-excerpt-more\" href=\"https:\/\/www.vereinstennisschule-neubrunn.de\/?page_id=287\" title=\"\">[&#8230;]<\/a><\/p>\n<\/div>","protected":false},"author":1,"featured_media":0,"parent":0,"menu_order":0,"comment_status":"closed","ping_status":"closed","template":"","meta":{"footnotes":""},"class_list":["post-287","page","type-page","status-publish","hentry"],"_links":{"self":[{"href":"https:\/\/www.vereinstennisschule-neubrunn.de\/index.php?rest_route=\/wp\/v2\/pages\/287","targetHints":{"allow":["GET"]}}],"collection":[{"href":"https:\/\/www.vereinstennisschule-neubrunn.de\/index.php?rest_route=\/wp\/v2\/pages"}],"about":[{"href":"https:\/\/www.vereinstennisschule-neubrunn.de\/index.php?rest_route=\/wp\/v2\/types\/page"}],"author":[{"embeddable":true,"href":"https:\/\/www.vereinstennisschule-neubrunn.de\/index.php?rest_route=\/wp\/v2\/users\/1"}],"replies":[{"embeddable":true,"href":"https:\/\/www.vereinstennisschule-neubrunn.de\/index.php?rest_route=%2Fwp%2Fv2%2Fcomments&post=287"}],"version-history":[{"count":10,"href":"https:\/\/www.vereinstennisschule-neubrunn.de\/index.php?rest_route=\/wp\/v2\/pages\/287\/revisions"}],"predecessor-version":[{"id":621,"href":"https:\/\/www.vereinstennisschule-neubrunn.de\/index.php?rest_route=\/wp\/v2\/pages\/287\/revisions\/621"}],"wp:attachment":[{"href":"https:\/\/www.vereinstennisschule-neubrunn.de\/index.php?rest_route=%2Fwp%2Fv2%2Fmedia&parent=287"}],"curies":[{"name":"wp","href":"https:\/\/api.w.org\/{rel}","templated":true}]}}