{"id":261,"date":"2018-10-21T17:45:18","date_gmt":"2018-10-21T17:45:18","guid":{"rendered":"http:\/\/compuri.de\/?page_id=261"},"modified":"2021-04-19T16:32:27","modified_gmt":"2021-04-19T16:32:27","slug":"tc-tauberbischofsheim","status":"publish","type":"page","link":"https:\/\/www.vereinstennisschule-neubrunn.de\/?page_id=261","title":{"rendered":""},"content":{"rendered":"<h1 class=\"LC20lb\">TC im TSV 1863 e.V. Tauberbischofsheim<\/h1>\n<p><a href=\"http:\/\/compuri.de\/wp-content\/uploads\/2018\/10\/Logo-TBB.png\"><img loading=\"lazy\" decoding=\"async\" class=\"size-full wp-image-268 alignright\" src=\"http:\/\/compuri.de\/wp-content\/uploads\/2018\/10\/Logo-TBB.png\" alt=\"\" width=\"116\" height=\"139\" \/><\/a><\/p>\n<p style=\"text-align: right;\"><span style=\"color: #0000ff;\"><a style=\"color: #0000ff;\" href=\"http:\/\/www.tc-tbb.de\">Link zur Homepage<\/a><\/span><\/p>\n<p>Die TBB Open bildeten das sportliche Tennis-Highlight im Landkreis Main-Tauber. Das traditionelle Turnier der Klasse A2 mit einem Preisgeld von 7500 \u20ac lockte zuletzt 2018 viele deutsche Spitzenspieler an die Vitry-Allee. Der Verein erfreut sich aktuell regen Zulaufs und ist zum zweitgr\u00f6\u00dften Tennisclub im Landkreis aufgestiegen. Auf sechs Sandpl\u00e4tzen k\u00f6nnen die Mitglieder im Sommer ihrem Sport nachgehen, im Winter geht es dann in die Dreifachtennishalle im Sportpark TBB.<\/p>\n","protected":false},"excerpt":{"rendered":"<div class=\"mh-excerpt\"><p>TC im TSV 1863 e.V. Tauberbischofsheim Link zur Homepage Die TBB Open bildeten das sportliche Tennis-Highlight im Landkreis Main-Tauber. Das traditionelle Turnier der Klasse A2 <a class=\"mh-excerpt-more\" href=\"https:\/\/www.vereinstennisschule-neubrunn.de\/?page_id=261\" title=\"\">[&#8230;]<\/a><\/p>\n<\/div>","protected":false},"author":1,"featured_media":0,"parent":0,"menu_order":0,"comment_status":"closed","ping_status":"closed","template":"","meta":{"footnotes":""},"class_list":["post-261","page","type-page","status-publish","hentry"],"_links":{"self":[{"href":"https:\/\/www.vereinstennisschule-neubrunn.de\/index.php?rest_route=\/wp\/v2\/pages\/261","targetHints":{"allow":["GET"]}}],"collection":[{"href":"https:\/\/www.vereinstennisschule-neubrunn.de\/index.php?rest_route=\/wp\/v2\/pages"}],"about":[{"href":"https:\/\/www.vereinstennisschule-neubrunn.de\/index.php?rest_route=\/wp\/v2\/types\/page"}],"author":[{"embeddable":true,"href":"https:\/\/www.vereinstennisschule-neubrunn.de\/index.php?rest_route=\/wp\/v2\/users\/1"}],"replies":[{"embeddable":true,"href":"https:\/\/www.vereinstennisschule-neubrunn.de\/index.php?rest_route=%2Fwp%2Fv2%2Fcomments&post=261"}],"version-history":[{"count":3,"href":"https:\/\/www.vereinstennisschule-neubrunn.de\/index.php?rest_route=\/wp\/v2\/pages\/261\/revisions"}],"predecessor-version":[{"id":556,"href":"https:\/\/www.vereinstennisschule-neubrunn.de\/index.php?rest_route=\/wp\/v2\/pages\/261\/revisions\/556"}],"wp:attachment":[{"href":"https:\/\/www.vereinstennisschule-neubrunn.de\/index.php?rest_route=%2Fwp%2Fv2%2Fmedia&parent=261"}],"curies":[{"name":"wp","href":"https:\/\/api.w.org\/{rel}","templated":true}]}}