{"id":141,"date":"2018-10-05T19:54:19","date_gmt":"2018-10-05T19:54:19","guid":{"rendered":"http:\/\/compuri.de\/?page_id=141"},"modified":"2018-11-04T21:54:26","modified_gmt":"2018-11-04T21:54:26","slug":"leistungen","status":"publish","type":"page","link":"https:\/\/www.vereinstennisschule-neubrunn.de\/?page_id=141","title":{"rendered":"Leistungen"},"content":{"rendered":"<h2>Vereinsmanagement:<\/h2>\n<p style=\"text-align: left;\"><a href=\"http:\/\/compuri.de\/wp-content\/uploads\/2018\/10\/JMR-Ball.png\"><img loading=\"lazy\" decoding=\"async\" class=\"wp-image-28 alignleft\" src=\"http:\/\/compuri.de\/wp-content\/uploads\/2018\/10\/JMR-Ball-300x279.png\" alt=\"\" width=\"28\" height=\"26\" srcset=\"https:\/\/www.vereinstennisschule-neubrunn.de\/wp-content\/uploads\/2018\/10\/JMR-Ball-300x279.png 300w, https:\/\/www.vereinstennisschule-neubrunn.de\/wp-content\/uploads\/2018\/10\/JMR-Ball.png 330w\" sizes=\"auto, (max-width: 28px) 100vw, 28px\" \/><\/a>Unterst\u00fctzung bei der Mitgliedergewinnung (Kindergarten- und Schultennis, Fast Learning)<\/p>\n<p><a href=\"http:\/\/compuri.de\/wp-content\/uploads\/2018\/10\/JMR-Ball.png\"><img loading=\"lazy\" decoding=\"async\" class=\"wp-image-28 alignleft\" src=\"http:\/\/compuri.de\/wp-content\/uploads\/2018\/10\/JMR-Ball-300x279.png\" alt=\"\" width=\"28\" height=\"26\" srcset=\"https:\/\/www.vereinstennisschule-neubrunn.de\/wp-content\/uploads\/2018\/10\/JMR-Ball-300x279.png 300w, https:\/\/www.vereinstennisschule-neubrunn.de\/wp-content\/uploads\/2018\/10\/JMR-Ball.png 330w\" sizes=\"auto, (max-width: 28px) 100vw, 28px\" \/><\/a>Vereins\u00fcbergreifende Mannschaftsmeldungen<\/p>\n<p><a href=\"http:\/\/compuri.de\/wp-content\/uploads\/2018\/10\/JMR-Ball.png\"><img loading=\"lazy\" decoding=\"async\" class=\"wp-image-28 alignleft\" src=\"http:\/\/compuri.de\/wp-content\/uploads\/2018\/10\/JMR-Ball-300x279.png\" alt=\"\" width=\"28\" height=\"26\" srcset=\"https:\/\/www.vereinstennisschule-neubrunn.de\/wp-content\/uploads\/2018\/10\/JMR-Ball-300x279.png 300w, https:\/\/www.vereinstennisschule-neubrunn.de\/wp-content\/uploads\/2018\/10\/JMR-Ball.png 330w\" sizes=\"auto, (max-width: 28px) 100vw, 28px\" \/><\/a>Schnupperkurse f\u00fcr alle Altersklassen<\/p>\n<p><a href=\"http:\/\/compuri.de\/wp-content\/uploads\/2018\/10\/JMR-Ball.png\"><img loading=\"lazy\" decoding=\"async\" class=\"wp-image-28 alignleft\" src=\"http:\/\/compuri.de\/wp-content\/uploads\/2018\/10\/JMR-Ball-300x279.png\" alt=\"\" width=\"28\" height=\"26\" srcset=\"https:\/\/www.vereinstennisschule-neubrunn.de\/wp-content\/uploads\/2018\/10\/JMR-Ball-300x279.png 300w, https:\/\/www.vereinstennisschule-neubrunn.de\/wp-content\/uploads\/2018\/10\/JMR-Ball.png 330w\" sizes=\"auto, (max-width: 28px) 100vw, 28px\" \/><\/a> Organisation des Trainingsbetriebes<\/p>\n<p><a href=\"http:\/\/compuri.de\/wp-content\/uploads\/2018\/10\/JMR-Ball.png\"><img loading=\"lazy\" decoding=\"async\" class=\"wp-image-28 alignleft\" src=\"http:\/\/compuri.de\/wp-content\/uploads\/2018\/10\/JMR-Ball-300x279.png\" alt=\"\" width=\"28\" height=\"26\" srcset=\"https:\/\/www.vereinstennisschule-neubrunn.de\/wp-content\/uploads\/2018\/10\/JMR-Ball-300x279.png 300w, https:\/\/www.vereinstennisschule-neubrunn.de\/wp-content\/uploads\/2018\/10\/JMR-Ball.png 330w\" sizes=\"auto, (max-width: 28px) 100vw, 28px\" \/><\/a> Beratung zur Verbesserung der Trainingsstruktur<\/p>\n<p>&nbsp;<\/p>\n<h2>Training:<\/h2>\n<p><a href=\"http:\/\/compuri.de\/wp-content\/uploads\/2018\/10\/JMR-Ball.png\"><img loading=\"lazy\" decoding=\"async\" class=\"wp-image-28 alignleft\" src=\"http:\/\/compuri.de\/wp-content\/uploads\/2018\/10\/JMR-Ball-300x279.png\" alt=\"\" width=\"28\" height=\"26\" srcset=\"https:\/\/www.vereinstennisschule-neubrunn.de\/wp-content\/uploads\/2018\/10\/JMR-Ball-300x279.png 300w, https:\/\/www.vereinstennisschule-neubrunn.de\/wp-content\/uploads\/2018\/10\/JMR-Ball.png 330w\" sizes=\"auto, (max-width: 28px) 100vw, 28px\" \/><\/a>\u00a0Leistung &#8211; und breitensportorientier Tennisunterricht<\/p>\n<p><a href=\"http:\/\/compuri.de\/wp-content\/uploads\/2018\/10\/JMR-Ball.png\"><img loading=\"lazy\" decoding=\"async\" class=\"wp-image-28 alignleft\" src=\"http:\/\/compuri.de\/wp-content\/uploads\/2018\/10\/JMR-Ball-300x279.png\" alt=\"\" width=\"28\" height=\"26\" srcset=\"https:\/\/www.vereinstennisschule-neubrunn.de\/wp-content\/uploads\/2018\/10\/JMR-Ball-300x279.png 300w, https:\/\/www.vereinstennisschule-neubrunn.de\/wp-content\/uploads\/2018\/10\/JMR-Ball.png 330w\" sizes=\"auto, (max-width: 28px) 100vw, 28px\" \/><\/a>F\u00f6rdertraining &#8211; Jugendf\u00f6rderpool<\/p>\n<p><a href=\"http:\/\/compuri.de\/wp-content\/uploads\/2018\/10\/JMR-Ball.png\"><img loading=\"lazy\" decoding=\"async\" class=\"wp-image-28 alignleft\" src=\"http:\/\/compuri.de\/wp-content\/uploads\/2018\/10\/JMR-Ball-300x279.png\" alt=\"\" width=\"28\" height=\"26\" srcset=\"https:\/\/www.vereinstennisschule-neubrunn.de\/wp-content\/uploads\/2018\/10\/JMR-Ball-300x279.png 300w, https:\/\/www.vereinstennisschule-neubrunn.de\/wp-content\/uploads\/2018\/10\/JMR-Ball.png 330w\" sizes=\"auto, (max-width: 28px) 100vw, 28px\" \/><\/a> Einzel- und Gruppentraining<\/p>\n<p><a href=\"http:\/\/compuri.de\/wp-content\/uploads\/2018\/10\/JMR-Ball.png\"><img loading=\"lazy\" decoding=\"async\" class=\"wp-image-28 alignleft\" src=\"http:\/\/compuri.de\/wp-content\/uploads\/2018\/10\/JMR-Ball-300x279.png\" alt=\"\" width=\"28\" height=\"26\" srcset=\"https:\/\/www.vereinstennisschule-neubrunn.de\/wp-content\/uploads\/2018\/10\/JMR-Ball-300x279.png 300w, https:\/\/www.vereinstennisschule-neubrunn.de\/wp-content\/uploads\/2018\/10\/JMR-Ball.png 330w\" sizes=\"auto, (max-width: 28px) 100vw, 28px\" \/><\/a>Ballschule f\u00fcr Kinder ab 3 Jahre<\/p>\n<p><a href=\"http:\/\/compuri.de\/wp-content\/uploads\/2018\/10\/JMR-Ball.png\"><img loading=\"lazy\" decoding=\"async\" class=\"wp-image-28 alignleft\" src=\"http:\/\/compuri.de\/wp-content\/uploads\/2018\/10\/JMR-Ball-300x279.png\" alt=\"\" width=\"28\" height=\"26\" srcset=\"https:\/\/www.vereinstennisschule-neubrunn.de\/wp-content\/uploads\/2018\/10\/JMR-Ball-300x279.png 300w, https:\/\/www.vereinstennisschule-neubrunn.de\/wp-content\/uploads\/2018\/10\/JMR-Ball.png 330w\" sizes=\"auto, (max-width: 28px) 100vw, 28px\" \/><\/a>Play &amp; Stay-Konzept f\u00fcr Kinder ab 6 Jahre<\/p>\n<p><a href=\"http:\/\/compuri.de\/wp-content\/uploads\/2018\/10\/JMR-Ball.png\"><img loading=\"lazy\" decoding=\"async\" class=\"wp-image-28 alignleft\" src=\"http:\/\/compuri.de\/wp-content\/uploads\/2018\/10\/JMR-Ball-300x279.png\" alt=\"\" width=\"28\" height=\"26\" srcset=\"https:\/\/www.vereinstennisschule-neubrunn.de\/wp-content\/uploads\/2018\/10\/JMR-Ball-300x279.png 300w, https:\/\/www.vereinstennisschule-neubrunn.de\/wp-content\/uploads\/2018\/10\/JMR-Ball.png 330w\" sizes=\"auto, (max-width: 28px) 100vw, 28px\" \/><\/a>Fast Learning ab 18 Jahre<\/p>\n<p>&nbsp;<\/p>\n<h2>Events:<\/h2>\n<p><a href=\"http:\/\/compuri.de\/wp-content\/uploads\/2018\/10\/JMR-Ball.png\"><img loading=\"lazy\" decoding=\"async\" class=\"wp-image-28 alignleft\" src=\"http:\/\/compuri.de\/wp-content\/uploads\/2018\/10\/JMR-Ball-300x279.png\" alt=\"\" width=\"28\" height=\"26\" srcset=\"https:\/\/www.vereinstennisschule-neubrunn.de\/wp-content\/uploads\/2018\/10\/JMR-Ball-300x279.png 300w, https:\/\/www.vereinstennisschule-neubrunn.de\/wp-content\/uploads\/2018\/10\/JMR-Ball.png 330w\" sizes=\"auto, (max-width: 28px) 100vw, 28px\" \/><\/a>\u00a0Vereins\u00fcbergreifende Turniere f\u00fcr alle Altersklassen im Leistungs- und Breitensportbereich<\/p>\n<p><a href=\"http:\/\/compuri.de\/wp-content\/uploads\/2018\/10\/JMR-Ball.png\"><img loading=\"lazy\" decoding=\"async\" class=\"wp-image-28 alignleft\" src=\"http:\/\/compuri.de\/wp-content\/uploads\/2018\/10\/JMR-Ball-300x279.png\" alt=\"\" width=\"28\" height=\"26\" srcset=\"https:\/\/www.vereinstennisschule-neubrunn.de\/wp-content\/uploads\/2018\/10\/JMR-Ball-300x279.png 300w, https:\/\/www.vereinstennisschule-neubrunn.de\/wp-content\/uploads\/2018\/10\/JMR-Ball.png 330w\" sizes=\"auto, (max-width: 28px) 100vw, 28px\" \/><\/a> Vereins\u00fcbergreifendes Jugendzeltlager mit Turnier (Ende Juli\/Anfang August)<\/p>\n<p><a href=\"http:\/\/compuri.de\/wp-content\/uploads\/2018\/10\/JMR-Ball.png\"><img loading=\"lazy\" decoding=\"async\" class=\"wp-image-28 alignleft\" src=\"http:\/\/compuri.de\/wp-content\/uploads\/2018\/10\/JMR-Ball-300x279.png\" alt=\"\" width=\"28\" height=\"26\" srcset=\"https:\/\/www.vereinstennisschule-neubrunn.de\/wp-content\/uploads\/2018\/10\/JMR-Ball-300x279.png 300w, https:\/\/www.vereinstennisschule-neubrunn.de\/wp-content\/uploads\/2018\/10\/JMR-Ball.png 330w\" sizes=\"auto, (max-width: 28px) 100vw, 28px\" \/><\/a> Tenniscamps und Trainingslager<\/p>\n<p><a href=\"http:\/\/compuri.de\/wp-content\/uploads\/2018\/10\/JMR-Ball.png\"><img loading=\"lazy\" decoding=\"async\" class=\"wp-image-28 alignleft\" src=\"http:\/\/compuri.de\/wp-content\/uploads\/2018\/10\/JMR-Ball-300x279.png\" alt=\"\" width=\"28\" height=\"26\" srcset=\"https:\/\/www.vereinstennisschule-neubrunn.de\/wp-content\/uploads\/2018\/10\/JMR-Ball-300x279.png 300w, https:\/\/www.vereinstennisschule-neubrunn.de\/wp-content\/uploads\/2018\/10\/JMR-Ball.png 330w\" sizes=\"auto, (max-width: 28px) 100vw, 28px\" \/><\/a>Tennisaktionstage (Saisoner\u00f6ffnung, Deutschland spielt Tennis)<\/p>\n<p>&nbsp;<\/p>\n","protected":false},"excerpt":{"rendered":"<div class=\"mh-excerpt\"><p>Vereinsmanagement: Unterst\u00fctzung bei der Mitgliedergewinnung (Kindergarten- und Schultennis, Fast Learning) Vereins\u00fcbergreifende Mannschaftsmeldungen Schnupperkurse f\u00fcr alle Altersklassen Organisation des Trainingsbetriebes Beratung zur Verbesserung der Trainingsstruktur &nbsp; <a class=\"mh-excerpt-more\" href=\"https:\/\/www.vereinstennisschule-neubrunn.de\/?page_id=141\" title=\"Leistungen\">[&#8230;]<\/a><\/p>\n<\/div>","protected":false},"author":1,"featured_media":0,"parent":0,"menu_order":0,"comment_status":"closed","ping_status":"closed","template":"","meta":{"footnotes":""},"class_list":["post-141","page","type-page","status-publish","hentry"],"_links":{"self":[{"href":"https:\/\/www.vereinstennisschule-neubrunn.de\/index.php?rest_route=\/wp\/v2\/pages\/141","targetHints":{"allow":["GET"]}}],"collection":[{"href":"https:\/\/www.vereinstennisschule-neubrunn.de\/index.php?rest_route=\/wp\/v2\/pages"}],"about":[{"href":"https:\/\/www.vereinstennisschule-neubrunn.de\/index.php?rest_route=\/wp\/v2\/types\/page"}],"author":[{"embeddable":true,"href":"https:\/\/www.vereinstennisschule-neubrunn.de\/index.php?rest_route=\/wp\/v2\/users\/1"}],"replies":[{"embeddable":true,"href":"https:\/\/www.vereinstennisschule-neubrunn.de\/index.php?rest_route=%2Fwp%2Fv2%2Fcomments&post=141"}],"version-history":[{"count":14,"href":"https:\/\/www.vereinstennisschule-neubrunn.de\/index.php?rest_route=\/wp\/v2\/pages\/141\/revisions"}],"predecessor-version":[{"id":380,"href":"https:\/\/www.vereinstennisschule-neubrunn.de\/index.php?rest_route=\/wp\/v2\/pages\/141\/revisions\/380"}],"wp:attachment":[{"href":"https:\/\/www.vereinstennisschule-neubrunn.de\/index.php?rest_route=%2Fwp%2Fv2%2Fmedia&parent=141"}],"curies":[{"name":"wp","href":"https:\/\/api.w.org\/{rel}","templated":true}]}}